{"id":2947,"date":"2020-10-13T19:25:23","date_gmt":"2020-10-13T19:25:23","guid":{"rendered":"https:\/\/www.grini.eu\/product\/%d0%bc%d1%8a%d0%b6%d0%ba%d0%b0-%d0%bf%d0%bb%d0%b5%d1%82%d0%b5%d0%bd%d0%b0-%d1%88%d0%b0%d0%bf%d0%ba%d0%b0-pp02-%d1%82%d1%8a%d0%bc%d0%bd%d0%be-%d1%81%d0%b8%d0%bd%d1%8c%d0%be\/"},"modified":"2026-01-03T15:19:30","modified_gmt":"2026-01-03T15:19:30","slug":"herrenstrickmuetze-pp02-dunkelblau","status":"publish","type":"product","link":"https:\/\/www.grini.eu\/de\/product\/herrenstrickmuetze-pp02-dunkelblau\/","title":{"rendered":"Herrenstrickm\u00fctze &#8211; PP02 &#8211; Dunkelblau"},"content":{"rendered":"<p>[vc_row][vc_column][vc_column_text]<strong>Herrenstrickm\u00fctze &#8211; W\u00e4rme und Stil<\/strong><br \/>\nModell PP02<br \/>\nGr\u00f6\u00dfe: universell<br \/>\n<strong>Zusammensetzung: 100% Wolle<\/strong><br \/>\nFarbe: Dunkelblau<br \/>\n<strong>Lieferungskosten werden zus\u00e4tzlich kalkuliert.<\/strong>[\/vc_column_text][\/vc_column][\/vc_row]<\/p>\n","protected":false},"excerpt":{"rendered":"<p><strong>Herrenstrickm\u00fctze &#8211; W\u00e4rme und Stil<\/strong><br \/>\nModell PP02<br \/>\nGr\u00f6\u00dfe: universell<br \/>\n<strong>Zusammensetzung: 100% Wolle<\/strong><br \/>\nFarbe: Dunkelblau<br \/>\n<strong>Lieferungskosten werden zus\u00e4tzlich kalkuliert.<\/strong><\/p>\n","protected":false},"featured_media":2642,"template":"","meta":[],"product_brand":[],"product_cat":[145],"product_tag":[],"class_list":{"0":"post-2947","1":"product","2":"type-product","3":"status-publish","4":"has-post-thumbnail","6":"product_cat-strickmuetzen-damen-und-herren","8":"first","9":"instock","10":"sale","11":"shipping-taxable","12":"purchasable","13":"product-type-simple"},"_links":{"self":[{"href":"https:\/\/www.grini.eu\/de\/wp-json\/wp\/v2\/product\/2947","targetHints":{"allow":["GET"]}}],"collection":[{"href":"https:\/\/www.grini.eu\/de\/wp-json\/wp\/v2\/product"}],"about":[{"href":"https:\/\/www.grini.eu\/de\/wp-json\/wp\/v2\/types\/product"}],"wp:featuredmedia":[{"embeddable":true,"href":"https:\/\/www.grini.eu\/de\/wp-json\/wp\/v2\/media\/2642"}],"wp:attachment":[{"href":"https:\/\/www.grini.eu\/de\/wp-json\/wp\/v2\/media?parent=2947"}],"wp:term":[{"taxonomy":"product_brand","embeddable":true,"href":"https:\/\/www.grini.eu\/de\/wp-json\/wp\/v2\/product_brand?post=2947"},{"taxonomy":"product_cat","embeddable":true,"href":"https:\/\/www.grini.eu\/de\/wp-json\/wp\/v2\/product_cat?post=2947"},{"taxonomy":"product_tag","embeddable":true,"href":"https:\/\/www.grini.eu\/de\/wp-json\/wp\/v2\/product_tag?post=2947"}],"curies":[{"name":"wp","href":"https:\/\/api.w.org\/{rel}","templated":true}]}}