{"id":2897,"date":"2020-10-13T08:20:05","date_gmt":"2020-10-13T08:20:05","guid":{"rendered":"https:\/\/www.grini.eu\/product\/%d0%b4%d0%b0%d0%bc%d1%81%d0%ba%d0%b0-%d0%bf%d0%bb%d0%b5%d1%82%d0%b5%d0%bd%d0%b0-%d1%88%d0%b0%d0%bf%d0%ba%d0%b0-pp01-%d1%87%d0%b5%d1%80%d0%bd%d0%be\/"},"modified":"2026-01-03T15:19:32","modified_gmt":"2026-01-03T15:19:32","slug":"damen-bommelmuetze-pp01-schwarz","status":"publish","type":"product","link":"https:\/\/www.grini.eu\/de\/product\/damen-bommelmuetze-pp01-schwarz\/","title":{"rendered":"Damen Bommelm\u00fctze PP01 &#8211; Schwarz"},"content":{"rendered":"<p><strong>Bommelm\u00fctze f\u00fcr Damen- weich und bequem<\/strong><br \/>\nModell PP01<br \/>\nGr\u00f6\u00dfe: universell<br \/>\n<strong>Zusammensetzung: 100% Wolle<\/strong><br \/>\nEcht-Pelzbommel<br \/>\n(Pelzbommel grau &#8211; Silberfuchs; Pelzbommel braun &#8211; Waschb\u00e4r)<br \/>\nDer Pelzpommel wird mit einem Druckknopf befestigt, damit er beim Waschen leicht entfernt werden kann<br \/>\nFarbe: Schwarz mit grauem Pompon<br \/>\n<strong>Lieferungskosten werden zus\u00e4tzlich kalkuliert.<\/strong><\/p>\n","protected":false},"excerpt":{"rendered":"<p><strong>Bommelm\u00fctze f\u00fcr Damen- weich und bequem<\/strong><br \/>\nModell PP01<br \/>\nGr\u00f6\u00dfe: universell<br \/>\n<strong>Zusammensetzung: 100% Wolle<\/strong><br \/>\nEcht-Pelzbommel<br \/>\n(Pelzbommel grau &#8211; Silberfuchs; Pelzbommel braun &#8211; Waschb\u00e4r)<br \/>\nDer Pelzpommel wird mit einem Druckknopf befestigt, damit er beim Waschen leicht entfernt werden kann<br \/>\nFarbe: Schwarz mit grauem Pompon<br \/>\n<strong>Lieferungskosten werden zus\u00e4tzlich kalkuliert.<\/strong><\/p>\n","protected":false},"featured_media":2655,"template":"","meta":[],"product_brand":[],"product_cat":[145],"product_tag":[],"class_list":{"0":"post-2897","1":"product","2":"type-product","3":"status-publish","4":"has-post-thumbnail","6":"product_cat-strickmuetzen-damen-und-herren","8":"first","9":"instock","10":"sale","11":"shipping-taxable","12":"purchasable","13":"product-type-simple"},"_links":{"self":[{"href":"https:\/\/www.grini.eu\/de\/wp-json\/wp\/v2\/product\/2897","targetHints":{"allow":["GET"]}}],"collection":[{"href":"https:\/\/www.grini.eu\/de\/wp-json\/wp\/v2\/product"}],"about":[{"href":"https:\/\/www.grini.eu\/de\/wp-json\/wp\/v2\/types\/product"}],"wp:featuredmedia":[{"embeddable":true,"href":"https:\/\/www.grini.eu\/de\/wp-json\/wp\/v2\/media\/2655"}],"wp:attachment":[{"href":"https:\/\/www.grini.eu\/de\/wp-json\/wp\/v2\/media?parent=2897"}],"wp:term":[{"taxonomy":"product_brand","embeddable":true,"href":"https:\/\/www.grini.eu\/de\/wp-json\/wp\/v2\/product_brand?post=2897"},{"taxonomy":"product_cat","embeddable":true,"href":"https:\/\/www.grini.eu\/de\/wp-json\/wp\/v2\/product_cat?post=2897"},{"taxonomy":"product_tag","embeddable":true,"href":"https:\/\/www.grini.eu\/de\/wp-json\/wp\/v2\/product_tag?post=2897"}],"curies":[{"name":"wp","href":"https:\/\/api.w.org\/{rel}","templated":true}]}}