{"id":2712,"date":"2020-10-18T09:43:29","date_gmt":"2020-10-18T09:43:29","guid":{"rendered":"https:\/\/www.grini.eu\/%d0%be%d0%b1%d1%89%d0%b8-%d1%83%d1%81%d0%bb%d0%be%d0%b2%d0%b8%d1%8f\/"},"modified":"2020-11-05T14:03:07","modified_gmt":"2020-11-05T14:03:07","slug":"allgemeine-geschaeftsbedingungen","status":"publish","type":"page","link":"https:\/\/www.grini.eu\/de\/allgemeine-geschaeftsbedingungen\/","title":{"rendered":"Allgemeine Gesch\u00e4ftsbedingungen"},"content":{"rendered":"<h3>Allgemeine Gesch\u00e4ftsbedingungen f\u00fcr den Onlineshop GRINI.EU<\/h3>\n<p>&nbsp;<\/p>\n<h3>1. Geltungsbereich und Vertragspartner<\/h3>\n<p>Diese Allgemeinen Gesch\u00e4ftsbedingungen (AGB) gelten f\u00fcr alle Bestellungen, die Sie vornehmen \u00fcber den Onlineshop GRINI.EU der<\/p>\n<p>GRINI-GN EOOD<\/p>\n<p>Sitzland: Bulgarien<\/p>\n<p>Sitz der Verwaltung: Bulgarien, Sofia 1421, Vezen Str. 25\/7<\/p>\n<p>Office, Produktion und Korrespondenz: Bulgarien, Sofia 1186, Okolovrasten pat 365<\/p>\n<p>Gesch\u00e4ftsf\u00fchrer: Grigor Nikolov<br \/>\nAmtsgericht Sofia, Bulgarien<br \/>\nUmsatzsteuerident-Nr.: BG175135988<\/p>\n<p>Tel.: +359 2 9790575, Mob.: +359 88 9748945<br \/>\noffice@grini.eu<\/p>\n<h3>2. Bestellvorgang und Vertragsschluss<\/h3>\n<p>(1) Die Pr\u00e4sentation unserer Produkte auf den Shopseiten stellt noch kein rechtlich bindendes Angebot, sondern eine Aufforderung zur Bestellung dar. Sie haben die M\u00f6glichkeit, auf unseren Shopseiten Produkte auszuw\u00e4hlen und zu bestellen. Wenn Sie das gew\u00fcnschte Produkt gefunden haben, k\u00f6nnen Sie dieses unverbindlich durch Anklicken des Einkaufswagensymbols in den Warenkorb legen. Die Produkte im Warenkorb k\u00f6nnen Sie jederzeit ansehen und wieder entfernen. Wenn Sie die Produkte im Warenkorb kaufen m\u00f6chten, klicken Sie den Button \u201ezur Kasse\u201c. Nach Eingabe Ihrer Daten und Auswahl der Zahlungsart gelangen Sie zur Bestellseite, auf der Sie Ihre Eingaben nochmals \u00fcberpr\u00fcfen und korrigieren k\u00f6nnen. Durch Anklicken des Buttons \u201eJetzt kaufen\u201c geben Sie eine verbindliche Bestellung \u00fcber die im Warenkorb enthaltenen Waren ab.<\/p>\n<p>(2) Der Kaufvertrag kommt zustande, wenn wir Ihre Bestellung durch Auftragsbest\u00e4tigung per Mail unmittelbar nach dem Erhalt Ihrer Bestellung annehmen. Der Auftragsbest\u00e4tigung steht die Lieferung der Ware innerhalb von 5 Tagen gleich.<\/p>\n<p>(3) Der Vertragstext wird auf unseren internen Systemen gespeichert. Unsere AGB k\u00f6nnen Sie jederzeit auf unserer Seite einsehen und ausdrucken. Die Bestelldaten und die AGB werden Ihnen auch in Textform zugesendet. F\u00fcr registrierte Kunden sind die Bestelldaten in unserem Shop-System auch nach der Bestellung zug\u00e4nglich.<\/p>\n<p>(4) Die f\u00fcr den Vertragsschluss zur Verf\u00fcgung stehenden Vertragssprachen sind: Deutsch, Englisch, und Bulgarisch.<\/p>\n<h3>3. Widerrufsrecht<\/h3>\n<p>Verbraucher haben ein gesetzliches Widerrufsrecht von 14 Tagen.<\/p>\n<p><em>Widerrufsrecht<br \/>\n<\/em>Sie haben das Recht, binnen vierzehn Tagen ohne Angabe von Gr\u00fcnden diesen Vertrag zu widerrufen.<\/p>\n<p>Die Widerrufsfrist betr\u00e4gt vierzehn Tage ab dem Tag, an dem Sie oder ein von Ihnen benannter Dritter, der nicht der Bef\u00f6rderer ist, die letzte Ware in Besitz genommen haben bzw. hat.<\/p>\n<p>Um Ihr Widerrufsrecht auszu\u00fcben, m\u00fcssen Sie uns (GRINI-GN EOOD, Bulgarien, Sofia 1186, Okolovrasten pat 365, Tel.: +359 2 9790575, Mob.: +359 88 9748945<br \/>\noffice@grini.eu) mittels einer eindeutigen Erkl\u00e4rung (z. B. ein mit der Post versandter Brief oder E-Mail) \u00fcber Ihren Entschluss, diesen Vertrag zu widerrufen, informieren.<\/p>\n<p>Zur Wahrung der Widerrufsfrist reicht es aus, dass Sie die Mitteilung \u00fcber die Aus\u00fcbung des Widerrufsrechts vor Ablauf der Widerrufsfrist absenden.<\/p>\n<p><em>Folgen des Widerrufs<\/em><\/p>\n<p>Wenn Sie diesen Vertrag widerrufen, haben wir Ihnen alle Zahlungen, die wir von Ihnen erhalten haben, einschlie\u00dflich der Lieferkosten, unverz\u00fcglich und sp\u00e4testens binnen vierzehn Tagen ab dem Tag zur\u00fcckzuzahlen, an dem die Mitteilung \u00fcber Ihren Widerruf dieses Vertrags bei uns eingegangen ist. <strong>F\u00fcr diese R\u00fcckzahlung verwenden wir dasselbe Zahlungsmittel, das Sie bei der urspr\u00fcnglichen Transaktion eingesetzt haben.<br \/>\n<\/strong>Wir k\u00f6nnen die R\u00fcckzahlung verweigern, bis wir die Waren wieder zur\u00fcckerhalten haben oder bis Sie den Nachweis erbracht haben, dass Sie die Waren zur\u00fcckgesandt haben, je nachdem, welches der fr\u00fchere Zeitpunkt ist. Sie haben die Waren unverz\u00fcglich und in jedem Fall sp\u00e4testens binnen vierzehn Tagen ab dem Tag, an dem Sie uns \u00fcber den Widerruf dieses Vertrags unterrichten, an uns zur\u00fcckzusenden oder zu \u00fcbergeben. Die Frist ist gewahrt, wenn Sie die Waren vor Ablauf der Frist von vierzehn Tagen absenden.<\/p>\n<p>F\u00fcr internationale Lieferungen au\u00dferhalb des Sitzlandes tr\u00e4gt der Online-H\u00e4ndler die Kosten f\u00fcr die R\u00fccksendung des Produkts nicht.<\/p>\n<p><em>Verweigerung der R\u00fcckerstattung<\/em><\/p>\n<p>Der Online-H\u00e4ndler kann eine R\u00fcckerstattung verweigern, wenn das Produkt getragen, gewaschen, geb\u00fcgelt und gebleicht wurde sowie wenn es physikalische und chemische Gebrauchsspuren aufweist (Geruch nach Zigaretten, Parf\u00fcm, Flecken usw.). Eine Verweigerung ist auch bei mechanischen Besch\u00e4digungen des Produkts m\u00f6glich &#8211; Zerrei\u00dfen, Entwirren, Entfernen von Teilen und anderen, die eine normale Verwendung ohne Reparatur unm\u00f6glich machen.<\/p>\n<h3>4. Zahlungs- und Lieferbedingungen<\/h3>\n<p>(1) Der Kaufpreis wird sofort mit der Bestellung f\u00e4llig. Die Preise schlie\u00dfen die gesetzliche Umsatzsteuer und die Verpackung mit ein.<\/p>\n<p>(2) Versandkosten werden zus\u00e4tzlich berechnet und auf der Rechnung gesondert ausgewiesen. Die Versandkosten sind je nach Versandart und Bestimmungsland unterschiedlich hoch. Bei Lieferungen au\u00dferhalb der EU fallen ggf. zus\u00e4tzliche Z\u00f6lle, Steuern und Geb\u00fchren an. Weitere Einzelheiten hierzu sowie eine Versandkostentabelle finden Sie unter dem Link \u201eVersandinfos\u201c in unserem Shop.<\/p>\n<p>(3) Die Zahlung erfolgt wahlweise per Kreditkarte oder Vorkasse per Rechnung:<\/p>\n<ul>\n<li>Sie k\u00f6nnen bei uns mit den Kreditkarten MasterCard und Visa bezahlen. Nach Ihrer Legitimation als rechtm\u00e4\u00dfiger Karteninhaber wird die Zahlungstransaktion automatisch durchgef\u00fchrt und Ihre Karte belastet.<\/li>\n<li>Bei der Zahlungsart Vorkasse per Rechnung nennen wir Ihnen unsere Bankverbindungsdaten in der Bestellbest\u00e4tigung und liefern nach Zahlungseingang.<\/li>\n<\/ul>\n<p>(4) Sofern nichts anderes vereinbart ist, erfolgt die Lieferung per ARAMEX an die von Ihnen angegebene Lieferadresse ab Lager im versicherten Paket. Die Lieferzeiten betr\u00e4gen:<\/p>\n<table class=\"table table-striped shop_attributes\">\n<tbody>\n<tr>\n<td width=\"303\">Germany, Austria, Belgium, Luxembourg, Nederland, The Czech Republic<\/td>\n<td width=\"133\">5-10 Arbeitstage<\/td>\n<\/tr>\n<tr>\n<td width=\"303\">Denmark, Italy, Monaco, Poland, Slovenia, Ungarn, France, Croatia, Grait Britain, Sweden<\/td>\n<td width=\"133\">8-12 Arbeitstage<\/td>\n<\/tr>\n<tr>\n<td width=\"303\">Ireland, Spain, Estonia, Llithuania, Latvia, Liechtenstein, Portugal, Swiss, Norway, Finland<\/td>\n<td width=\"133\">10-15 Arbeitstage<\/td>\n<\/tr>\n<tr>\n<td width=\"303\">Alle andere<\/td>\n<td width=\"133\">nach Anfrage<\/td>\n<\/tr>\n<tr>\n<td width=\"303\"><\/td>\n<td width=\"133\"><\/td>\n<\/tr>\n<\/tbody>\n<\/table>\n<p>Die Die Z\u00e4hlung der Tage beginnt nach Zahlungseingang bzw. Belastung Ihres Kontos.<\/p>\n<p>Weitere Details zu Auslandslieferungen finden Sie in den \u201eVersandinfos\u201c unseres Shops.<\/p>\n<ol start=\"5\">\n<li>M\u00e4ngelhaftung<\/li>\n<\/ol>\n<p>Wir haften f\u00fcr M\u00e4ngel nach den gesetzlichen Bestimmungen.<\/p>\n<ol start=\"6\">\n<li>Eigentumsvorbehalt<\/li>\n<\/ol>\n<p>Die Ware bleibt bis zur vollst\u00e4ndigen Bezahlung in unserem Eigentum.<\/p>\n<ol start=\"7\">\n<li>Anwendbares Recht<\/li>\n<\/ol>\n<p>Es gilt das EU-Handelsrecht. F\u00fcr Eink\u00e4ufe aus L\u00e4ndern au\u00dferhalb der EU gilt das Recht des Wohnsitzlandes des Online-H\u00e4ndlers \u2013 Bulgarien<\/p>\n<ol start=\"8\">\n<li>Datenschutz<\/li>\n<\/ol>\n<p>Wir respektieren und sch\u00fctzen Ihre personenbezogenen Daten. Ihre Daten werden von uns ausschlie\u00dflich im Rahmen der gesetzlichen Bestimmungen genutzt. Wegen der weiteren Einzelheiten verweisen wir auf unsere Datenschutzbestimmungen.<\/p>\n<ol start=\"9\">\n<li>Schlussbestimmungen<\/li>\n<\/ol>\n<p>Sollte eine Bestimmung dieser Bedingungen nichtig sein oder werden, so bleiben die Bedingungen im \u00dcbrigen wirksam. Anstelle der unwirksamen Bedingungen gelten die einschl\u00e4gigen gesetzlichen Vorschriften.<\/p>\n<p>Stand: 01.10.2020<\/p>\n<p>&nbsp;<\/p>\n","protected":false},"excerpt":{"rendered":"<p>Allgemeine Gesch\u00e4ftsbedingungen f\u00fcr den Onlineshop GRINI.EU &nbsp; 1. Geltungsbereich und Vertragspartner Diese Allgemeinen Gesch\u00e4ftsbedingungen (AGB) gelten f\u00fcr alle Bestellungen, die Sie vornehmen \u00fcber den Onlineshop GRINI.EU der GRINI-GN EOOD Sitzland: Bulgarien Sitz der Verwaltung: Bulgarien, Sofia 1421, Vezen Str. 25\/7 Office, Produktion und Korrespondenz: Bulgarien, Sofia 1186, Okolovrasten pat 365 Gesch\u00e4ftsf\u00fchrer: Grigor Nikolov Amtsgericht Sofia, [&hellip;]<\/p>\n","protected":false},"author":1,"featured_media":0,"parent":0,"menu_order":0,"comment_status":"closed","ping_status":"closed","template":"","meta":{"footnotes":""},"class_list":["post-2712","page","type-page","status-publish","hentry"],"_links":{"self":[{"href":"https:\/\/www.grini.eu\/de\/wp-json\/wp\/v2\/pages\/2712","targetHints":{"allow":["GET"]}}],"collection":[{"href":"https:\/\/www.grini.eu\/de\/wp-json\/wp\/v2\/pages"}],"about":[{"href":"https:\/\/www.grini.eu\/de\/wp-json\/wp\/v2\/types\/page"}],"author":[{"embeddable":true,"href":"https:\/\/www.grini.eu\/de\/wp-json\/wp\/v2\/users\/1"}],"replies":[{"embeddable":true,"href":"https:\/\/www.grini.eu\/de\/wp-json\/wp\/v2\/comments?post=2712"}],"version-history":[{"count":6,"href":"https:\/\/www.grini.eu\/de\/wp-json\/wp\/v2\/pages\/2712\/revisions"}],"predecessor-version":[{"id":3035,"href":"https:\/\/www.grini.eu\/de\/wp-json\/wp\/v2\/pages\/2712\/revisions\/3035"}],"wp:attachment":[{"href":"https:\/\/www.grini.eu\/de\/wp-json\/wp\/v2\/media?parent=2712"}],"curies":[{"name":"wp","href":"https:\/\/api.w.org\/{rel}","templated":true}]}}