{"id":2693,"date":"2020-10-15T19:39:50","date_gmt":"2020-10-15T19:39:50","guid":{"rendered":"https:\/\/www.grini.eu\/%d0%bf%d0%be%d0%bb%d0%b8%d1%82%d0%b8%d0%ba%d0%b0-%d0%b7%d0%b0-%d0%bf%d0%be%d0%b2%d0%b5%d1%80%d0%b8%d1%82%d0%b5%d0%bb%d0%bd%d0%be%d1%81%d1%82\/"},"modified":"2020-10-27T11:53:29","modified_gmt":"2020-10-27T11:53:29","slug":"datenschutzbestimmungen","status":"publish","type":"page","link":"https:\/\/www.grini.eu\/de\/datenschutzbestimmungen\/","title":{"rendered":"Datenschutzbestimmungen"},"content":{"rendered":"<p>[vc_row][vc_column][vc_column_text]<\/p>\n<p style=\"text-align: center;\"><strong>GRINI-GN EOOD<\/strong><\/p>\n<p style=\"text-align: center;\"><strong>Datenschutzbestimmungen \u2013 Kunden<\/strong><\/p>\n<p><strong>Was ist GDPR? \u2013<\/strong> General Data Protection Regulation ist die neue Datenschutz-Grundverordnung, die am 25. Mai 2018 in Kraft getreten ist. Die Verordnung basiert auf bereits verabschiedeten Regeln und Grunds\u00e4tzen bez\u00fcglich des Schutzes der Benutzerdaten und gilt in allen EU-Mitgliedstaaten. Die Verordnung selbst k\u00f6nnen Sie hier lesen:<br \/>\nhttps:\/\/ec.europa.eu\/info\/law\/law-topic\/data-protection\/eu-data-protection-rules_de<\/p>\n<p>Die Sicherheit und die rechtm\u00e4\u00dfige Verwendung personenbezogener Daten ist sowohl f\u00fcr das Subjekt personenbezogener Daten (PbD) als auch f\u00fcr GRINI-GN EOOD von gr\u00f6\u00dfter Bedeutung. Aus diesem Grund ist es uns wichtig zu erkl\u00e4ren, warum und wie wir diese personenbezogenen Daten verarbeiten.<\/p>\n<p><strong>Personenbezogene Daten (PbD)<\/strong> \u2013 Alle Daten, die eine bestimmte nat\u00fcrliche Person direkt oder indirekt identifizieren k\u00f6nnen, wie z. B. Name, PKZ\/Pers\u00f6nliche Nummer eines Ausl\u00e4nders, Adresse, Telefonnummer, E-Mail Adresse, Angaben zu geleisteten Zahlungen usw.<\/p>\n<p><strong>Subjekt personenbezogener Daten \u2013<\/strong> Kunden \u2013 Das sind Kunden, Lieferanten, Subunternehmer, Vermieter usw. (nat\u00fcrliche Personen oder Vertreter juristischer Personen). Kurz werden diese \u201eKontrahenten\u201c genannt.<\/p>\n<p><strong>Verarbeitung <\/strong><strong>personenbezogener Daten <\/strong>\u2013 jede Verwendung personenbezogener Daten. Das sind Handlungen zum Erfassen, Erstellen, Verwenden, \u00c4ndern, Aufbewahren, L\u00f6schen usw. im Zusammenhang mit Informationen bez\u00fcglich des Kontrahenten. Beim Vertragsabschluss und\/oder bei der Auftragserteilung muss der Kontrahent seine personenbezogenen Daten angeben. Die Bereitstellung dieser Daten erm\u00f6glicht uns, das Subjekt als Vertragspartei\/Auftraggeber und als Inhaber der Rechte\/Pflichten aus diesem Vertrag zu identifizieren. Die drei Namen, PKZ\/Pers\u00f6nliche Nummer eines Ausl\u00e4nders und Adresse des Kontrahenten sind Teil des Mindestinhalts jedes Vertrags. Falls der Kontrahent die Bereitstellung dieser Daten verweigert, kann GRINI-GN EOOD keinen Vertrag abschlie\u00dfen und\/oder keinen Auftrag erf\u00fcllen. Im Laufe des Verfahrens werden auch Daten bez\u00fcglich des Ausweisdokuments des Kontrahenten verarbeitet, um dessen G\u00fcltigkeit zu \u00fcberpr\u00fcfen. Ziel ist es, m\u00f6gliche Betrugs- und\/oder Missbrauchsversuche personenbezogener Daten zu verhindern. Die Verarbeitung personenbezogener Daten dient der Erf\u00fcllung von Verpflichtungen aus der Rechnungslegungs- und Steuergesetzgebung, einschlie\u00dflich der Aufbewahrung dieser Daten sowie aller anderen steuerlich relevanten Informationen und Dokumente innerhalb des gesetzlich festgelegten Zeitraums. Zwecks der Erf\u00fcllung dieser Verpflichtung werden die relevanten Informationen und Dokumente, die auch personenbezogene Daten des Kontrahenten enthalten, unter den in den jeweiligen Gesetzen vorgesehenen Bedingungen aufbewahrt.<\/p>\n<p><strong>Erfassung <\/strong><strong>personenbezogener Daten<\/strong> \u2013<\/p>\n<ol>\n<li>Direkt, w\u00e4hrend und anl\u00e4sslich des Abschlusses und der Ausf\u00fchrung von Vertr\u00e4gen\/Auftr\u00e4gen;<\/li>\n<li>Bereitstellung von Daten durch Dritte w\u00e4hrend oder anl\u00e4sslich von Inspektionen durch zust\u00e4ndige staatliche oder gemeindliche Beh\u00f6rden.<\/li>\n<li>Erfassung aus anderen Quellen w\u00e4hrend und im Zusammenhang mit dem Prozess der Eintreibung von Schulden, wie z. B. aus \u00f6ffentlichen Registern oder \u00f6ffentlich zug\u00e4nglichen Quellen.<\/li>\n<\/ol>\n<p><strong>Verarbeiter personenbezogener Daten <\/strong>\u2013 Personen, welche personenbezogene Daten im Namen und im auf Auftrag von GRINI-GN EOOD auf der Grundlage einer schriftlichen Vereinbarung verarbeiten. Sie haben kein Recht, die ihnen zur Verf\u00fcgung gestellten personenbezogenen Daten f\u00fcr Zwecke, verschieden als die Ausf\u00fchrung der ihnen von GRINI-GN EOOD zugewiesene Arbeit, zu verarbeiten. Die Verarbeiter m\u00fcssen alle Anweisungen von GRINI-GN EOOD befolgen. GRINI-GN EOOD ergreift die erforderlichen Ma\u00dfnahmen, um die strikte Einhaltung der Rechtsvorschriften zum Schutz der personenbezogenen Daten durch die beauftragten Verarbeiter personenbezogener Daten sicherzustellen. Das Unternehmen sorgt auch daf\u00fcr, dass die geeigneten technischen und organisatorischen Ma\u00dfnahmen zum Schutz personenbezogener Daten seitens der Verarbeiter selbst ergreift werden.<\/p>\n<p><strong>Bereitstellung personenbezogener Daten au\u00dferhalb des Territoriums von Republik Bulgarien, falls erforderlich<\/strong><\/p>\n<ol>\n<li>In der EU oder der EWG \u2013 unter Einhaltung der Bestimmungen der Verordnung (EU) 2016\/679 des Europ\u00e4ischen Parlaments und des Rates;<\/li>\n<li>Au\u00dferhalb der EU oder der EWG \u2013 unter Einhaltung der Bestimmungen der Verordnung (EU) 2016\/679 des Europ\u00e4ischen Parlaments und des Rates und unter einer der folgenden Bedingungen:<\/li>\n<\/ol>\n<ol>\n<li><strong>A<\/strong>. Wenn ein Beschluss der Kommission f\u00fcr den Schutz personenbezogener Daten oder der Europ\u00e4ischen Kommission vorliegt, wonach das jeweilige Land ein angemessenes Schutzniveau personenbezogener Daten aufweist;<\/li>\n<li>Wenn mit der Organisation, an welche personenbezogene Daten weitergeleitet werden, eine Vereinbarung, welche die von der Europ\u00e4ischen Kommission mit Beschluss \u2116 2010\/87\/EU genehmigten Standard-Datenschutzklauseln enth\u00e4lt, geschlossen ist.<\/li>\n<\/ol>\n<p><strong>Aufbewahrungsfrist<\/strong> \u2013 aufgrund unserer Verpflichtungen, die sich aus der Steuer- und Rechnungslegungsgesetzgebung ergeben, hat die Aufbewahrung von Daten \u00fcber ein \u00a0Subjekt personenbezogener Daten einen Zeitraum von: 1. F\u00fcr Vertr\u00e4ge &#8211; f\u00fcnf Jahre ab der Beendigung des letzten Vertrags\/Anhangs; 2. Bei unerf\u00fcllten Vertragsverh\u00e4ltnissen &#8211; bis zu einem Monat nach R\u00fccktritt vom Vertrag und\/oder Gesch\u00e4ft. Nach Ablauf der Fristen zur Verarbeitung personenbezogener Daten werden diese gel\u00f6scht\/vernichtet, sofern sie f\u00fcr anh\u00e4ngige Gerichts-, Schieds-, Verwaltungs- oder Vollstreckungsverfahren nicht erforderlich sind.<\/p>\n<p><strong>Informiertheit des Subjekts personenbezogener Daten \u2013 <\/strong>GRINI-GN EOOD stellt den Subjekten personenbezogener Daten Informationen bez\u00fcglich der Ma\u00dfnahmen, die im Zusammenhang mit ihren Antr\u00e4gen auf Aus\u00fcbung von Rechten ergriffen wurden, innerhalb eines Monats nach Eingang eines Antrags nach diesem Abschnitt zur Verf\u00fcgung. Im Falle einer Weigerung, einem Antrag nachzukommen, informiert GRINI-GN EOOD die jeweiligen nat\u00fcrlichen Personen \u00fcber ihre Rechte.<\/p>\n<p><strong>Rechte eines Subjekts personenbezogener Daten<\/strong><\/p>\n<ol>\n<li>Das Subjekt hat Recht auf Zugang zu den personenbezogenen Daten, die ihn\/sie betreffen;<\/li>\n<li>Das Subjekt hat das Recht, die Berichtigung personenbezogener Daten zu verlangen, wenn diese ungenau oder nicht aktuell sind;<\/li>\n<li>In bestimmten F\u00e4llen hat das Subjekt das Recht, die L\u00f6schung personenbezogener Daten, die ihn\/sie betreffen, zu beantragen;<\/li>\n<li>In bestimmten F\u00e4llen hat das Subjekt das Recht, eine Einschr\u00e4nkung der Verarbeitung personenbezogener Daten, die ihn\/sie betreffen, zu beantragen;<\/li>\n<li>In bestimmten F\u00e4llen hat das Subjekt das Recht auf \u00dcbertragbarkeit der personenbezogenen Daten, die ihn\/sie betreffen.<\/li>\n<li>In bestimmten F\u00e4llen hat das Subjekt Recht auf Einspruch gegen die Verarbeitung personenbezogener Daten, die ihn betreffen.<\/li>\n<li>Die Benutzer haben das Recht, bei der Datenschutzaufsichtsbeh\u00f6rde eine Berufung zu legen.<\/li>\n<\/ol>\n<p>In \u00dcbereinstimmung mit den Anforderungen der aktuellen Gesetzgebung und der bew\u00e4hrten Praktiken ergreift GRINI-GN EOOD die erforderlichen technischen und organisatorischen Ma\u00dfnahmen, um die Sicherheit der personenbezogenen Daten der Subjekte zu gew\u00e4hrleisten.<\/p>\n<p>Der Administrator personenbezogener Daten, die nach dieser Datenschutzerkl\u00e4rung verarbeitet werden, ist GRINI-GN EOOD, einheitlicher Identifikationscode 175135988, mit Sitz und Verwaltungsadresse in Sofia 1421, Vezen Str. Nr. 25\/7. Bei Fragen und Anfragen zur Verarbeitung personenbezogener Daten k\u00f6nnen Sie uns auf folgender Webseite kontaktieren: https:\/\/www.grini.eu<\/p>\n<p>Diese Datenschutzerkl\u00e4rung kann aufgrund einer \u00c4nderung der geltenden Rechtsvorschriften auf Initiative von GRINI-GN EOOD, der Benutzer oder einer zust\u00e4ndigen Beh\u00f6rde (z. B. der Kommission f\u00fcr den Schutz personenbezogener Daten) ge\u00e4ndert oder erg\u00e4nzt werden.<\/p>\n<p style=\"text-align: left;\">Diese Datenschutzbestimmungen sind ab 25.05.2018 in Kraft<\/p>\n<p>[\/vc_column_text][\/vc_column][\/vc_row]<\/p>\n","protected":false},"excerpt":{"rendered":"<p>[vc_row][vc_column][vc_column_text] GRINI-GN EOOD Datenschutzbestimmungen \u2013 Kunden Was ist GDPR? \u2013 General Data Protection Regulation ist die neue Datenschutz-Grundverordnung, die am 25. Mai 2018 in Kraft getreten ist. Die Verordnung basiert auf bereits verabschiedeten Regeln und Grunds\u00e4tzen bez\u00fcglich des Schutzes der Benutzerdaten und gilt in allen EU-Mitgliedstaaten. Die Verordnung selbst k\u00f6nnen Sie hier lesen: https:\/\/ec.europa.eu\/info\/law\/law-topic\/data-protection\/eu-data-protection-rules_de Die [&hellip;]<\/p>\n","protected":false},"author":1,"featured_media":0,"parent":0,"menu_order":0,"comment_status":"closed","ping_status":"closed","template":"","meta":{"footnotes":""},"class_list":["post-2693","page","type-page","status-publish","hentry"],"_links":{"self":[{"href":"https:\/\/www.grini.eu\/de\/wp-json\/wp\/v2\/pages\/2693","targetHints":{"allow":["GET"]}}],"collection":[{"href":"https:\/\/www.grini.eu\/de\/wp-json\/wp\/v2\/pages"}],"about":[{"href":"https:\/\/www.grini.eu\/de\/wp-json\/wp\/v2\/types\/page"}],"author":[{"embeddable":true,"href":"https:\/\/www.grini.eu\/de\/wp-json\/wp\/v2\/users\/1"}],"replies":[{"embeddable":true,"href":"https:\/\/www.grini.eu\/de\/wp-json\/wp\/v2\/comments?post=2693"}],"version-history":[{"count":2,"href":"https:\/\/www.grini.eu\/de\/wp-json\/wp\/v2\/pages\/2693\/revisions"}],"predecessor-version":[{"id":2696,"href":"https:\/\/www.grini.eu\/de\/wp-json\/wp\/v2\/pages\/2693\/revisions\/2696"}],"wp:attachment":[{"href":"https:\/\/www.grini.eu\/de\/wp-json\/wp\/v2\/media?parent=2693"}],"curies":[{"name":"wp","href":"https:\/\/api.w.org\/{rel}","templated":true}]}}