{"id":2676,"date":"2016-06-13T15:48:45","date_gmt":"2016-06-13T15:48:45","guid":{"rendered":"https:\/\/www.grini.eu\/%d0%b7%d0%b0-%d0%bd%d0%b0%d1%81\/"},"modified":"2025-10-24T14:06:54","modified_gmt":"2025-10-24T14:06:54","slug":"ueber-uns","status":"publish","type":"page","link":"https:\/\/www.grini.eu\/de\/ueber-uns\/","title":{"rendered":"\u00dcber uns"},"content":{"rendered":"<p>[vc_row full_width=&#8221;stretch_row_content_no_spaces&#8221; css=&#8221;.vc_custom_1598519854229{padding-top: -35px !important;}&#8221;][vc_column][vc_single_image image=&#8221;2580&#8243; img_size=&#8221;full&#8221; alignment=&#8221;center&#8221;][\/vc_column][\/vc_row][vc_row wrap_container=&#8221;yes&#8221; css=&#8221;.vc_custom_1598519927788{padding-bottom: 20px !important;}&#8221;][vc_column animation_type=&#8221;fadeInUp&#8221;]<div class=\"porto-u-heading\" data-hspacer=\"no_spacer\" data-halign=\"left\" style=\"text-align:left\"><div class=\"porto-u-main-heading\"><h2 style=\"font-weight:600;color:#21293c;margin-bottom: 16px;font-size:30px;line-height:36px;\">GRINI-GN EOOD<\/h2><\/div><\/div>[vc_column_text css_animation=&#8221;none&#8221;]<\/p>\n<p style=\"color: #21293c; font-size: 18px; line-height: 27px; font-weight: 400;\">Wir von der Firma GRINI-GN EOOD sind vor 30 Jahren in die Produktionsszene eingetreten und haben uns als f\u00fchrend in der Herstellung von Kopfbedeckung, Stickereien, Kalendern, Aufn\u00e4hern und verschiedenen Accessoires erbaut. Die ersten Schritte unserer Produktion waren in einem gemieteten Gel\u00e4nde. 2005 zogen wir in unser eigenes Geb\u00e4ude &#8211; ger\u00e4umig, hell und gem\u00fctlich, speziell f\u00fcr unsere Bed\u00fcrfnisse entworfen und gebaut. Wir entwickeln uns rasant und f\u00fchren jedes Jahr innovative Technologien und Arbeitsmethoden ein, mit deren Hilfe wir wirklich gute Ergebnisse erzielen. Wir haben einen modernen Maschinenpark und spezielle Maschinen zur Herstellung und Veredelung von Kopfbedeckung, die f\u00fcr unser Land einzigartig sind.<\/p>\n<p>[\/vc_column_text][\/vc_column][\/vc_row][vc_row full_width=&#8221;stretch_row&#8221; wrap_container=&#8221;yes&#8221; css=&#8221;.vc_custom_1598381742926{padding-top: 30px !important;padding-bottom: 30px !important;background-color: rgba(47,124,48,0.08) !important;*background-color: rgb(47,124,48) !important;}&#8221;][vc_column]<div class=\"porto-u-heading\" data-hspacer=\"no_spacer\" data-halign=\"left\" style=\"text-align:left\"><div class=\"porto-u-main-heading\"><h2 style=\"font-weight:600;color:#21293c;margin-bottom: 22px;font-size:28px;line-height:34px;\">Warum wir?<\/h2><\/div><\/div>[vc_row_inner][vc_column_inner width=&#8221;1\/3&#8243; animation_type=&#8221;fadeInUp&#8221;]<div class=\"porto-sicon-box style_1 default-icon flex-wrap\"><div class=\"porto-sicon-default\"><div id=\"porto-icon-15353405456a06f5db79419\" class=\"porto-just-icon-wrapper\" style=\"text-align:center;\"><div class=\"porto-icon none\" style=\"color:#45b23c;font-size:45px;display:inline-block;\"><i class=\"porto-icon-check\"><\/i><\/div><\/div><\/div><div class=\"porto-sicon-header\" ><h3 class=\"porto-sicon-title\" style=\"font-weight:500;font-size:24px;line-height:30px;color:#21293c;\">Was bieten wir unseren Kunden an?<\/h3><\/div> <!-- header --><div class=\"porto-sicon-description\" style=\"font-size:15px;line-height:27px;\">Die Herstellung von Kopfbedeckung und Stickereien sind unsere Hauptrichtungen und St\u00e4rken. Wir bieten \u00fcber 100 verschiedene Modelle an, die f\u00fcr jede Jahreszeit geeignet sind. Unsere Kollektion umfasst: Baseball Caps, Schirmm\u00fctzen, Sportm\u00fctzen, Strickm\u00fctzen, Wollm\u00fctzen, und v.a. Bei uns k\u00f6nnen Sie auch alle Arten von Stickereien, Aufn\u00e4hern, Emblemen und verschiedene Sonderl\u00f6sungen im Stickereibereich bestellen. Unsere Produktpalette setzt sich mit bestickten Gru\u00dfkarten, Wandkalendern und vielen anderen sch\u00f6nen Dingen fort. Zus\u00e4tzlich zu unseren eigenen Entw\u00fcrfen, sind wir bereit, alle Ihre Projekte und Ideen mit Sorgfalt und Aufmerksamkeit zu verwirklichen.<\/div> <!-- description --><\/div><!-- porto-sicon-box -->[\/vc_column_inner][vc_column_inner width=&#8221;1\/3&#8243; animation_type=&#8221;fadeInDown&#8221;]<div class=\"porto-sicon-box style_1 default-icon flex-wrap\"><div class=\"porto-sicon-default\"><div id=\"porto-icon-1523256246a06f5db79a72\" class=\"porto-just-icon-wrapper\" style=\"text-align:center;\"><div class=\"porto-icon none\" style=\"color:#45b23c;font-size:45px;display:inline-block;\"><i class=\"Simple-Line-Icons-globe-alt\"><\/i><\/div><\/div><\/div><div class=\"porto-sicon-header\" ><h3 class=\"porto-sicon-title\" style=\"font-weight:500;font-size:24px;line-height:30px;color:#21293c;\">Wo sind wir t\u00e4tig?<\/h3><\/div> <!-- header --><div class=\"porto-sicon-description\" style=\"font-size:15px;line-height:27px;\">Die Produkte der Firma GRINI-GN EOOD sind nicht nur den bulgarischen Verbrauchern bekannt, sondern auch unseren langj\u00e4hrigen Kunden in Deutschland, Italien, Belgien, Frankreich, \u00d6sterreich, Grossbritannien und anderen L\u00e4ndern weltweit. Unsere Originalstickereien sind gesucht und geliebt, was ein weiterer Grund ist, stolz auf das zu sein, was wir bisher erreicht haben. Unser Ziel ist es, neue M\u00e4rkte zu erreichen, eine noch h\u00f6here Vielfalt bei der Herstellung von Kopfbedeckung und Aufn\u00e4hern zu bieten und die \u00a0hohe Qualit\u00e4t unserer Produkte als unser Markenzeichen zu machen.<\/div> <!-- description --><\/div><!-- porto-sicon-box -->[\/vc_column_inner][vc_column_inner width=&#8221;1\/3&#8243; animation_type=&#8221;fadeInUp&#8221;]<div class=\"porto-sicon-box style_1 default-icon flex-wrap\"><div class=\"porto-sicon-default\"><div id=\"porto-icon-4621816756a06f5db7a09b\" class=\"porto-just-icon-wrapper\" style=\"text-align:center;\"><div class=\"porto-icon none\" style=\"color:#45b23c;font-size:45px;display:inline-block;\"><i class=\"Simple-Line-Icons-star\"><\/i><\/div><\/div><\/div><div class=\"porto-sicon-header\" ><h3 class=\"porto-sicon-title\" style=\"font-weight:500;font-size:24px;line-height:30px;color:#21293c;\">Unsere Erfahrung<\/h3><\/div> <!-- header --><div class=\"porto-sicon-description\" style=\"font-size:15px;line-height:27px;\">Unsere Unternehmenspolitik bezieht sich haupts\u00e4chlich auf den guten Service unserer Kunden. In den Jahren, in denen wir auf dem Markt sind, ist es uns gelungen, ein reichhaltiges Produktportfolio aufzubauen. Einen kleinen Teil davon finden Sie hier auf unserer Webseite. Wir entwickeln uns weiter und bem\u00fchen uns zu beweisen, dass wir in unserer Arbeit wirklich gut sind. Wir wollen nicht unsere eigene Vision durchsetzen, wie eine Kappe oder ein Aufn\u00e4her aussehen muss &#8211; wir sind hier mit unserer Erfahrung und Professionalit\u00e4t, um IHREN Produkt herzustellen!<br \/>\nWir w\u00fcrden uns freuen, wenn Sie sich f\u00fcr uns entscheiden, und Sie k\u00f6nnen erwarten, wir werden unser Bestes tun!<br \/>\n<\/div> <!-- description --><\/div><!-- porto-sicon-box -->[\/vc_column_inner][\/vc_row_inner][\/vc_column][\/vc_row][vc_row full_width=&#8221;stretch_row_content&#8221; gap=&#8221;10&#8243; css=&#8221;.vc_custom_1598522904235{margin-top: -35px !important;margin-bottom: 0px !important;}&#8221; el_class=&#8221;m-b-xl&#8221;][vc_column width=&#8221;1\/5&#8243;][vc_single_image image=&#8221;2565&#8243; img_size=&#8221;full&#8221; alignment=&#8221;center&#8221; onclick=&#8221;img_link_large&#8221; lightbox=&#8221;yes&#8221; image_gallery=&#8221;yes&#8221; zoom_icon=&#8221;yes&#8221;][\/vc_column][vc_column width=&#8221;1\/5&#8243;][vc_single_image image=&#8221;2566&#8243; img_size=&#8221;full&#8221; alignment=&#8221;center&#8221; onclick=&#8221;img_link_large&#8221; lightbox=&#8221;yes&#8221; image_gallery=&#8221;yes&#8221; zoom_icon=&#8221;yes&#8221;][\/vc_column][vc_column width=&#8221;1\/5&#8243;][vc_single_image image=&#8221;2568&#8243; img_size=&#8221;full&#8221; alignment=&#8221;center&#8221; onclick=&#8221;img_link_large&#8221; lightbox=&#8221;yes&#8221; image_gallery=&#8221;yes&#8221; zoom_icon=&#8221;yes&#8221;][\/vc_column][vc_column width=&#8221;1\/5&#8243;][vc_single_image image=&#8221;2569&#8243; img_size=&#8221;full&#8221; alignment=&#8221;center&#8221; onclick=&#8221;img_link_large&#8221; lightbox=&#8221;yes&#8221; image_gallery=&#8221;yes&#8221; zoom_icon=&#8221;yes&#8221;][\/vc_column][vc_column width=&#8221;1\/5&#8243;][vc_single_image image=&#8221;2570&#8243; img_size=&#8221;full&#8221; alignment=&#8221;center&#8221; onclick=&#8221;img_link_large&#8221; lightbox=&#8221;yes&#8221; image_gallery=&#8221;yes&#8221; zoom_icon=&#8221;yes&#8221;][\/vc_column][\/vc_row][vc_row full_width=&#8221;stretch_row_content&#8221; gap=&#8221;10&#8243; css=&#8221;.vc_custom_1598518898457{margin-top: -35px !important;margin-bottom: -35px !important;}&#8221;][vc_column width=&#8221;1\/5&#8243;][vc_single_image image=&#8221;2571&#8243; img_size=&#8221;full&#8221; alignment=&#8221;center&#8221; onclick=&#8221;img_link_large&#8221; lightbox=&#8221;yes&#8221; image_gallery=&#8221;yes&#8221; zoom_icon=&#8221;yes&#8221;][\/vc_column][vc_column width=&#8221;1\/5&#8243;][vc_single_image image=&#8221;2574&#8243; img_size=&#8221;full&#8221; alignment=&#8221;center&#8221; onclick=&#8221;img_link_large&#8221; lightbox=&#8221;yes&#8221; image_gallery=&#8221;yes&#8221; zoom_icon=&#8221;yes&#8221;][\/vc_column][vc_column width=&#8221;1\/5&#8243;][vc_single_image image=&#8221;2573&#8243; img_size=&#8221;full&#8221; alignment=&#8221;center&#8221; onclick=&#8221;img_link_large&#8221; lightbox=&#8221;yes&#8221; image_gallery=&#8221;yes&#8221; zoom_icon=&#8221;yes&#8221;][\/vc_column][vc_column width=&#8221;1\/5&#8243;][vc_single_image image=&#8221;2575&#8243; img_size=&#8221;full&#8221; alignment=&#8221;center&#8221; onclick=&#8221;img_link_large&#8221; lightbox=&#8221;yes&#8221; image_gallery=&#8221;yes&#8221; zoom_icon=&#8221;yes&#8221;][\/vc_column][vc_column width=&#8221;1\/5&#8243;][vc_single_image image=&#8221;3201&#8243; img_size=&#8221;full&#8221; alignment=&#8221;center&#8221; onclick=&#8221;img_link_large&#8221; lightbox=&#8221;yes&#8221; image_gallery=&#8221;yes&#8221; zoom_icon=&#8221;yes&#8221; label=&#8221;&#8221;][\/vc_column][\/vc_row][vc_row full_width=&#8221;stretch_row_content_no_spaces&#8221; disable_element=&#8221;yes&#8221; css=&#8221;.vc_custom_1598518885017{margin-bottom: -35px !important;padding-right: 3px !important;padding-left: 3px !important;}&#8221;][vc_column][vc_gallery type=&#8221;image_grid&#8221; images=&#8221;2565,2566,2568,2569,2570,2571,2572,2573,2574,2575&#8243; img_size=&#8221;471&#215;360&#8243;][\/vc_column][\/vc_row]<\/p>\n","protected":false},"excerpt":{"rendered":"<p>[vc_row full_width=&#8221;stretch_row_content_no_spaces&#8221; css=&#8221;.vc_custom_1598519854229{padding-top: -35px !important;}&#8221;][vc_column][vc_single_image image=&#8221;2580&#8243; img_size=&#8221;full&#8221; alignment=&#8221;center&#8221;][\/vc_column][\/vc_row][vc_row wrap_container=&#8221;yes&#8221; css=&#8221;.vc_custom_1598519927788{padding-bottom: 20px !important;}&#8221;][vc_column animation_type=&#8221;fadeInUp&#8221;][vc_column_text css_animation=&#8221;none&#8221;] Wir von der Firma GRINI-GN EOOD sind vor 30 Jahren in die Produktionsszene eingetreten und haben uns als f\u00fchrend in der Herstellung von Kopfbedeckung, Stickereien, Kalendern, Aufn\u00e4hern und verschiedenen Accessoires erbaut. Die ersten Schritte unserer Produktion waren in einem gemieteten Gel\u00e4nde. [&hellip;]<\/p>\n","protected":false},"author":1,"featured_media":0,"parent":0,"menu_order":0,"comment_status":"closed","ping_status":"closed","template":"","meta":{"footnotes":""},"class_list":["post-2676","page","type-page","status-publish","hentry"],"_links":{"self":[{"href":"https:\/\/www.grini.eu\/de\/wp-json\/wp\/v2\/pages\/2676","targetHints":{"allow":["GET"]}}],"collection":[{"href":"https:\/\/www.grini.eu\/de\/wp-json\/wp\/v2\/pages"}],"about":[{"href":"https:\/\/www.grini.eu\/de\/wp-json\/wp\/v2\/types\/page"}],"author":[{"embeddable":true,"href":"https:\/\/www.grini.eu\/de\/wp-json\/wp\/v2\/users\/1"}],"replies":[{"embeddable":true,"href":"https:\/\/www.grini.eu\/de\/wp-json\/wp\/v2\/comments?post=2676"}],"version-history":[{"count":4,"href":"https:\/\/www.grini.eu\/de\/wp-json\/wp\/v2\/pages\/2676\/revisions"}],"predecessor-version":[{"id":3203,"href":"https:\/\/www.grini.eu\/de\/wp-json\/wp\/v2\/pages\/2676\/revisions\/3203"}],"wp:attachment":[{"href":"https:\/\/www.grini.eu\/de\/wp-json\/wp\/v2\/media?parent=2676"}],"curies":[{"name":"wp","href":"https:\/\/api.w.org\/{rel}","templated":true}]}}